{"id":497,"date":"2024-04-06T09:18:23","date_gmt":"2024-04-06T09:18:23","guid":{"rendered":"https:\/\/borstbindarakademin.se\/?page_id=497"},"modified":"2024-05-26T20:06:19","modified_gmt":"2024-05-26T20:06:19","slug":"start2","status":"publish","type":"page","link":"https:\/\/borstbindarakademin.se\/","title":{"rendered":"startsida"},"content":{"rendered":"\n<h1 class=\"wp-block-heading has-text-align-center\"><strong>BORSTBINDAR AKADEMIN \u00c4R HANTVERK MED KVALITET<\/strong><\/h1>\n\n\n\n<p class=\"has-text-align-center has-medium-font-size\"><strong>V\u00e4lkommen till v\u00e5r oss p\u00e5 v\u00e4rldens st\u00f6rsta informationsplattform!<br>Vi \u00e4r en liten professionell grupp hantverkare som skapar produkter till alla f\u00f6retag och privatpersoner.<\/strong><\/p>\n\n\n<div class=\"wp-block-image\">\n<figure class=\"aligncenter size-full is-resized\"><img loading=\"lazy\" decoding=\"async\" width=\"640\" height=\"427\" src=\"http:\/\/borstbindarakademin.se\/wp-content\/uploads\/2024\/05\/1-ny4D0F2429-A1C2-4D84-9059-3483C2C9BFAE_1_201_a.jpeg\" alt=\"\" class=\"wp-image-542\" style=\"width:717px;height:auto\" srcset=\"https:\/\/borstbindarakademin.se\/wp-content\/uploads\/2024\/05\/1-ny4D0F2429-A1C2-4D84-9059-3483C2C9BFAE_1_201_a.jpeg 640w, https:\/\/borstbindarakademin.se\/wp-content\/uploads\/2024\/05\/1-ny4D0F2429-A1C2-4D84-9059-3483C2C9BFAE_1_201_a-300x200.jpeg 300w, https:\/\/borstbindarakademin.se\/wp-content\/uploads\/2024\/05\/1-ny4D0F2429-A1C2-4D84-9059-3483C2C9BFAE_1_201_a-272x182.jpeg 272w\" sizes=\"auto, (max-width: 640px) 100vw, 640px\" \/><\/figure>\n<\/div>\n\n\n<h1 class=\"wp-block-heading has-text-align-center\">PRODUKTER OCH MATERIAL<\/h1>\n\n\n\n<h3 class=\"wp-block-heading has-text-align-center\">V\u00e5r ambition \u00e4r att f\u00f6rse alla med de produkter vi arbetar med, samt \u00e4ven material som vi har p\u00e5 lager i verkstaden, kontakta oss g\u00e4rna med era f\u00f6rfr\u00e5gningar p\u00e5 mail se kontaktsida Om oss<\/h3>\n","protected":false},"excerpt":{"rendered":"<p>BORSTBINDAR AKADEMIN \u00c4R HANTVERK MED KVALITET V\u00e4lkommen till v\u00e5r oss p\u00e5 v\u00e4rldens st\u00f6rsta informationsplattform!Vi \u00e4r en liten professionell grupp hantverkare som skapar produkter till alla f\u00f6retag och privatpersoner. PRODUKTER OCH MATERIAL V\u00e5r ambition \u00e4r att f\u00f6rse alla med de produkter vi arbetar med, samt \u00e4ven material som vi har p\u00e5 lager i verkstaden, kontakta oss [&hellip;]<\/p>\n","protected":false},"author":1,"featured_media":0,"parent":0,"menu_order":0,"comment_status":"closed","ping_status":"closed","template":"home-panels.php","meta":{"inline_featured_image":false,"footnotes":""},"class_list":["post-497","page","type-page","status-publish","hentry","post"],"_links":{"self":[{"href":"https:\/\/borstbindarakademin.se\/index.php\/wp-json\/wp\/v2\/pages\/497","targetHints":{"allow":["GET"]}}],"collection":[{"href":"https:\/\/borstbindarakademin.se\/index.php\/wp-json\/wp\/v2\/pages"}],"about":[{"href":"https:\/\/borstbindarakademin.se\/index.php\/wp-json\/wp\/v2\/types\/page"}],"author":[{"embeddable":true,"href":"https:\/\/borstbindarakademin.se\/index.php\/wp-json\/wp\/v2\/users\/1"}],"replies":[{"embeddable":true,"href":"https:\/\/borstbindarakademin.se\/index.php\/wp-json\/wp\/v2\/comments?post=497"}],"version-history":[{"count":15,"href":"https:\/\/borstbindarakademin.se\/index.php\/wp-json\/wp\/v2\/pages\/497\/revisions"}],"predecessor-version":[{"id":544,"href":"https:\/\/borstbindarakademin.se\/index.php\/wp-json\/wp\/v2\/pages\/497\/revisions\/544"}],"wp:attachment":[{"href":"https:\/\/borstbindarakademin.se\/index.php\/wp-json\/wp\/v2\/media?parent=497"}],"curies":[{"name":"wp","href":"https:\/\/api.w.org\/{rel}","templated":true}]}}